{"id":17,"date":"2024-02-11T16:07:17","date_gmt":"2024-02-11T16:07:17","guid":{"rendered":"https:\/\/lueg-drehtechnik.de\/?page_id=17"},"modified":"2024-03-20T18:01:51","modified_gmt":"2024-03-20T18:01:51","slug":"ueber-uns","status":"publish","type":"page","link":"https:\/\/lueg-drehtechnik.de\/index.php\/ueber-uns\/","title":{"rendered":"\u00dcber uns"},"content":{"rendered":"\t\t<div data-elementor-type=\"wp-page\" data-elementor-id=\"17\" class=\"elementor elementor-17\" data-elementor-post-type=\"page\">\n\t\t\t\t<div class=\"elementor-element elementor-element-825f1ad e-flex e-con-boxed e-con e-parent\" data-id=\"825f1ad\" data-element_type=\"container\" data-e-type=\"container\" data-settings=\"{&quot;jet_parallax_layout_list&quot;:[]}\">\n\t\t\t\t\t<div class=\"e-con-inner\">\n\t\t\t\t<div class=\"elementor-element elementor-element-6050197 elementor-invisible elementor-widget elementor-widget-heading\" data-id=\"6050197\" data-element_type=\"widget\" data-e-type=\"widget\" data-settings=\"{&quot;_animation&quot;:&quot;fadeInLeft&quot;,&quot;_animation_delay&quot;:300}\" data-widget_type=\"heading.default\">\n\t\t\t\t<div class=\"elementor-widget-container\">\n\t\t\t\t\t<h2 class=\"elementor-heading-title elementor-size-default\">\u00dcber uns<\/h2>\t\t\t\t<\/div>\n\t\t\t\t<\/div>\n\t\t\t\t<div class=\"elementor-element elementor-element-8d170af elementor-widget-divider--view-line elementor-invisible elementor-widget elementor-widget-divider\" data-id=\"8d170af\" data-element_type=\"widget\" data-e-type=\"widget\" data-settings=\"{&quot;_animation&quot;:&quot;fadeInLeft&quot;,&quot;_animation_delay&quot;:80}\" data-widget_type=\"divider.default\">\n\t\t\t\t<div class=\"elementor-widget-container\">\n\t\t\t\t\t\t\t<div class=\"elementor-divider\">\n\t\t\t<span class=\"elementor-divider-separator\">\n\t\t\t\t\t\t<\/span>\n\t\t<\/div>\n\t\t\t\t\t\t<\/div>\n\t\t\t\t<\/div>\n\t\t\t\t\t<\/div>\n\t\t\t\t<\/div>\n\t\t<div class=\"elementor-element elementor-element-4113135 e-flex e-con-boxed e-con e-parent\" data-id=\"4113135\" data-element_type=\"container\" data-e-type=\"container\" data-settings=\"{&quot;jet_parallax_layout_list&quot;:[]}\">\n\t\t\t\t\t<div class=\"e-con-inner\">\n\t\t<div class=\"elementor-element elementor-element-98bc782 e-con-full e-flex e-con e-child\" data-id=\"98bc782\" data-element_type=\"container\" data-e-type=\"container\" data-settings=\"{&quot;jet_parallax_layout_list&quot;:[]}\">\n\t\t\t\t<div class=\"elementor-element elementor-element-3294ada elementor-invisible elementor-widget elementor-widget-text-editor\" data-id=\"3294ada\" data-element_type=\"widget\" data-e-type=\"widget\" data-settings=\"{&quot;_animation&quot;:&quot;fadeInLeft&quot;,&quot;_animation_delay&quot;:150}\" data-widget_type=\"text-editor.default\">\n\t\t\t\t<div class=\"elementor-widget-container\">\n\t\t\t\t\t\t\t\t\t<p>Know-how, moderne Technologie, schlanke Strukturen, schnelle, flexible Auftragsabwicklung und ein unkomplizierter, umfassender Service \u2013 das ist Lueg.<br \/>Ein Unternehmen wie Lueg, das sich seit seiner Gr\u00fcndung im Jahr 1960 best\u00e4ndig modernisiert und doch sein vertrautes Gesicht beh\u00e4lt, braucht vor allem qualifizierte und engagierte Mitarbeiter, die mit ihrem Know-how und ihren Ideen daf\u00fcr sorgen, dass Sie auch in Zukunft mit uns zufrieden sind.<\/p><p>Unsere kontinuierlichen, kennzahlgest\u00fctzten Verbesserungsprozesse halten uns technologisch immer auf der H\u00f6he der Zeit und erm\u00f6glichen es unseren Mitarbeitern, sich optimal weiter zu qualifizieren. Auch mit der Ausbildung junger Mitarbeiter gew\u00e4hrleisten wir die betriebliche Zukunft.<\/p><p>Unsere rund 45 Mitarbeiterinnen und Mitarbeiter entstammen allen Altersgruppen. Mit dieser Kombination aus Erfahrung und Frische gehen bei uns Solidit\u00e4t und Innovation die typische Lueg-Verbindung ein.<\/p>\t\t\t\t\t\t\t\t<\/div>\n\t\t\t\t<\/div>\n\t\t\t\t<\/div>\n\t\t<div class=\"elementor-element elementor-element-972f5f4 e-con-full e-flex elementor-invisible e-con e-child\" data-id=\"972f5f4\" data-element_type=\"container\" data-e-type=\"container\" data-settings=\"{&quot;jet_parallax_layout_list&quot;:[],&quot;animation&quot;:&quot;fadeInRight&quot;}\">\n\t\t\t\t<div class=\"elementor-element elementor-element-63ccd93 elementor-widget elementor-widget-image\" data-id=\"63ccd93\" data-element_type=\"widget\" data-e-type=\"widget\" data-widget_type=\"image.default\">\n\t\t\t\t<div class=\"elementor-widget-container\">\n\t\t\t\t\t\t\t\t\t\t\t\t\t\t\t\t<a href=\"https:\/\/lueg-drehtechnik.de\/wp-content\/uploads\/2024\/03\/Luftbild.jpg\" data-elementor-open-lightbox=\"yes\" data-elementor-lightbox-title=\"Luftbild\" data-e-action-hash=\"#elementor-action%3Aaction%3Dlightbox%26settings%3DeyJpZCI6MjgzLCJ1cmwiOiJodHRwczpcL1wvbHVlZy1kcmVodGVjaG5pay5kZVwvd3AtY29udGVudFwvdXBsb2Fkc1wvMjAyNFwvMDNcL0x1ZnRiaWxkLmpwZyJ9\">\n\t\t\t\t\t\t\t<img fetchpriority=\"high\" decoding=\"async\" width=\"1053\" height=\"571\" src=\"https:\/\/lueg-drehtechnik.de\/wp-content\/uploads\/2024\/03\/Luftbild.jpg\" class=\"elementor-animation-grow attachment-1536x1536 size-1536x1536 wp-image-283\" alt=\"\" srcset=\"https:\/\/lueg-drehtechnik.de\/wp-content\/uploads\/2024\/03\/Luftbild.jpg 1053w, https:\/\/lueg-drehtechnik.de\/wp-content\/uploads\/2024\/03\/Luftbild-300x163.jpg 300w, https:\/\/lueg-drehtechnik.de\/wp-content\/uploads\/2024\/03\/Luftbild-1024x555.jpg 1024w, https:\/\/lueg-drehtechnik.de\/wp-content\/uploads\/2024\/03\/Luftbild-768x416.jpg 768w\" sizes=\"(max-width: 1053px) 100vw, 1053px\" \/>\t\t\t\t\t\t\t\t<\/a>\n\t\t\t\t\t\t\t\t\t\t\t\t\t\t\t<\/div>\n\t\t\t\t<\/div>\n\t\t\t\t<\/div>\n\t\t\t\t\t<\/div>\n\t\t\t\t<\/div>\n\t\t\t\t<\/div>\n\t\t","protected":false},"excerpt":{"rendered":"<p>Know-how, moderne Technologie, schlanke Strukturen, schnelle, flexible Auftragsabwicklung und ein unkomplizierter, umfassender Service \u2013 das ist Lueg.<\/p>\n","protected":false},"author":1,"featured_media":0,"parent":0,"menu_order":0,"comment_status":"closed","ping_status":"closed","template":"","meta":{"footnotes":""},"class_list":["post-17","page","type-page","status-publish","hentry"],"aioseo_notices":[],"_links":{"self":[{"href":"https:\/\/lueg-drehtechnik.de\/index.php\/wp-json\/wp\/v2\/pages\/17","targetHints":{"allow":["GET"]}}],"collection":[{"href":"https:\/\/lueg-drehtechnik.de\/index.php\/wp-json\/wp\/v2\/pages"}],"about":[{"href":"https:\/\/lueg-drehtechnik.de\/index.php\/wp-json\/wp\/v2\/types\/page"}],"author":[{"embeddable":true,"href":"https:\/\/lueg-drehtechnik.de\/index.php\/wp-json\/wp\/v2\/users\/1"}],"replies":[{"embeddable":true,"href":"https:\/\/lueg-drehtechnik.de\/index.php\/wp-json\/wp\/v2\/comments?post=17"}],"version-history":[{"count":0,"href":"https:\/\/lueg-drehtechnik.de\/index.php\/wp-json\/wp\/v2\/pages\/17\/revisions"}],"wp:attachment":[{"href":"https:\/\/lueg-drehtechnik.de\/index.php\/wp-json\/wp\/v2\/media?parent=17"}],"curies":[{"name":"wp","href":"https:\/\/api.w.org\/{rel}","templated":true}]}}