{"id":19,"date":"2024-02-11T16:08:14","date_gmt":"2024-02-11T16:08:14","guid":{"rendered":"https:\/\/lueg-drehtechnik.de\/?page_id=19"},"modified":"2024-03-28T14:58:26","modified_gmt":"2024-03-28T14:58:26","slug":"historie","status":"publish","type":"page","link":"https:\/\/lueg-drehtechnik.de\/index.php\/historie\/","title":{"rendered":"Historie"},"content":{"rendered":"\t\t<div data-elementor-type=\"wp-page\" data-elementor-id=\"19\" class=\"elementor elementor-19\" data-elementor-post-type=\"page\">\n\t\t\t\t<div class=\"elementor-element elementor-element-ea6b012 e-flex e-con-boxed e-con e-parent\" data-id=\"ea6b012\" data-element_type=\"container\" data-e-type=\"container\" data-settings=\"{&quot;jet_parallax_layout_list&quot;:[]}\">\n\t\t\t\t\t<div class=\"e-con-inner\">\n\t\t\t\t<div class=\"elementor-element elementor-element-86c1a45 elementor-invisible elementor-widget elementor-widget-heading\" data-id=\"86c1a45\" data-element_type=\"widget\" data-e-type=\"widget\" data-settings=\"{&quot;_animation&quot;:&quot;fadeInLeft&quot;,&quot;_animation_delay&quot;:50}\" data-widget_type=\"heading.default\">\n\t\t\t\t<div class=\"elementor-widget-container\">\n\t\t\t\t\t<h2 class=\"elementor-heading-title elementor-size-default\">Historie<\/h2>\t\t\t\t<\/div>\n\t\t\t\t<\/div>\n\t\t\t\t<div class=\"elementor-element elementor-element-f7086e4 elementor-widget-divider--view-line elementor-invisible elementor-widget elementor-widget-divider\" data-id=\"f7086e4\" data-element_type=\"widget\" data-e-type=\"widget\" data-settings=\"{&quot;_animation&quot;:&quot;fadeInLeft&quot;,&quot;_animation_delay&quot;:80}\" data-widget_type=\"divider.default\">\n\t\t\t\t<div class=\"elementor-widget-container\">\n\t\t\t\t\t\t\t<div class=\"elementor-divider\">\n\t\t\t<span class=\"elementor-divider-separator\">\n\t\t\t\t\t\t<\/span>\n\t\t<\/div>\n\t\t\t\t\t\t<\/div>\n\t\t\t\t<\/div>\n\t\t\t\t<div class=\"elementor-element elementor-element-eedc970 elementor-invisible elementor-widget elementor-widget-text-editor\" data-id=\"eedc970\" data-element_type=\"widget\" data-e-type=\"widget\" data-settings=\"{&quot;_animation&quot;:&quot;fadeInLeft&quot;,&quot;_animation_delay&quot;:150}\" data-widget_type=\"text-editor.default\">\n\t\t\t\t<div class=\"elementor-widget-container\">\n\t\t\t\t\t\t\t\t\t<p>Metallverarbeitung und das Sauerland, eine Verbindung und Tradition, die Jahrhunderte \u00fcberdauert hat. Auch das Unternehmen Lueg blickt inzwischen auf eine \u00fcber 50 j\u00e4hrige Unternehmensgeschichte zur\u00fcck, dessen Meilensteine aus der folgenden \u00dcbersicht zu entnehmen sind:<\/p>\t\t\t\t\t\t\t\t<\/div>\n\t\t\t\t<\/div>\n\t\t\t\t\t<\/div>\n\t\t\t\t<\/div>\n\t\t<div class=\"elementor-element elementor-element-eac5f3d e-flex e-con-boxed e-con e-parent\" data-id=\"eac5f3d\" data-element_type=\"container\" data-e-type=\"container\" data-settings=\"{&quot;jet_parallax_layout_list&quot;:[]}\">\n\t\t\t\t\t<div class=\"e-con-inner\">\n\t\t<div class=\"elementor-element elementor-element-504e680 e-flex e-con-boxed elementor-invisible e-con e-child\" data-id=\"504e680\" data-element_type=\"container\" data-e-type=\"container\" data-settings=\"{&quot;jet_parallax_layout_list&quot;:[],&quot;animation&quot;:&quot;fadeInLeft&quot;}\">\n\t\t\t\t\t<div class=\"e-con-inner\">\n\t\t\t\t<div class=\"elementor-element elementor-element-80a4eed elementor-widget elementor-widget-heading\" data-id=\"80a4eed\" data-element_type=\"widget\" data-e-type=\"widget\" data-widget_type=\"heading.default\">\n\t\t\t\t<div class=\"elementor-widget-container\">\n\t\t\t\t\t<h2 class=\"elementor-heading-title elementor-size-default\">Unternehmensgeschichte<\/h2>\t\t\t\t<\/div>\n\t\t\t\t<\/div>\n\t\t\t\t<div class=\"elementor-element elementor-element-d08ccc3 elementor-widget elementor-widget-text-editor\" data-id=\"d08ccc3\" data-element_type=\"widget\" data-e-type=\"widget\" data-widget_type=\"text-editor.default\">\n\t\t\t\t<div class=\"elementor-widget-container\">\n\t\t\t\t\t\t\t\t\t<p>1960: 1. August: Gr\u00fcndung durch Karl-Heinz Lueg in Hemer-Urbecke<br \/>1968: Einstieg in die Mehrspindlertechnologie<br \/>1982: Kauf einer Fabrikanlage in Hemer, Ostenschlahstra\u00dfe<br \/>1993: Einstieg in die CNC-Technologie<br \/>2000: Zertifizierung nach DIN EN ISO 9001:2000<br \/>2000: Implementierung unseres Fertigungsleitstandes<br \/>2005: 1. CNC-Dreh-\/Fr\u00e4szentrum<br \/>2007: Umzug in die neuen Betriebsr\u00e4ume nach Iserlohn ins Industriegebiet Zollhaus<br \/>2008: Einstieg in die CNC-Langdrehtechnologie<br \/>2011: Kapazit\u00e4tserweiterung der CNC-Langdrehtechnologie<br \/>2012: Kapazit\u00e4tserweiterung \u2013 2. CNC-Dreh-\/Fr\u00e4szentrum<\/p>\t\t\t\t\t\t\t\t<\/div>\n\t\t\t\t<\/div>\n\t\t\t\t\t<\/div>\n\t\t\t\t<\/div>\n\t\t<div class=\"elementor-element elementor-element-e6bb180 e-flex e-con-boxed elementor-invisible e-con e-child\" data-id=\"e6bb180\" data-element_type=\"container\" data-e-type=\"container\" data-settings=\"{&quot;jet_parallax_layout_list&quot;:[],&quot;animation&quot;:&quot;fadeInRight&quot;}\">\n\t\t\t\t\t<div class=\"e-con-inner\">\n\t\t\t\t<div class=\"elementor-element elementor-element-d8fdce7 elementor-widget elementor-widget-image\" data-id=\"d8fdce7\" data-element_type=\"widget\" data-e-type=\"widget\" data-widget_type=\"image.default\">\n\t\t\t\t<div class=\"elementor-widget-container\">\n\t\t\t\t\t\t\t\t\t\t\t\t\t\t\t\t<a href=\"https:\/\/lueg-drehtechnik.de\/wp-content\/uploads\/2024\/03\/lueghist5.jpg\" data-elementor-open-lightbox=\"yes\" data-elementor-lightbox-title=\"lueghist5\" data-e-action-hash=\"#elementor-action%3Aaction%3Dlightbox%26settings%3DeyJpZCI6MjgxLCJ1cmwiOiJodHRwczpcL1wvbHVlZy1kcmVodGVjaG5pay5kZVwvd3AtY29udGVudFwvdXBsb2Fkc1wvMjAyNFwvMDNcL2x1ZWdoaXN0NS5qcGcifQ%3D%3D\">\n\t\t\t\t\t\t\t<img fetchpriority=\"high\" decoding=\"async\" width=\"741\" height=\"576\" src=\"https:\/\/lueg-drehtechnik.de\/wp-content\/uploads\/2024\/03\/lueghist5.jpg\" class=\"attachment-large size-large wp-image-281\" alt=\"\" srcset=\"https:\/\/lueg-drehtechnik.de\/wp-content\/uploads\/2024\/03\/lueghist5.jpg 741w, https:\/\/lueg-drehtechnik.de\/wp-content\/uploads\/2024\/03\/lueghist5-300x233.jpg 300w\" sizes=\"(max-width: 741px) 100vw, 741px\" \/>\t\t\t\t\t\t\t\t<\/a>\n\t\t\t\t\t\t\t\t\t\t\t\t\t\t\t<\/div>\n\t\t\t\t<\/div>\n\t\t\t\t<div class=\"elementor-element elementor-element-82a38ca elementor-widget elementor-widget-gallery\" data-id=\"82a38ca\" data-element_type=\"widget\" data-e-type=\"widget\" data-settings=\"{&quot;columns&quot;:2,&quot;lazyload&quot;:&quot;yes&quot;,&quot;gallery_layout&quot;:&quot;grid&quot;,&quot;columns_tablet&quot;:2,&quot;columns_mobile&quot;:1,&quot;gap&quot;:{&quot;unit&quot;:&quot;px&quot;,&quot;size&quot;:10,&quot;sizes&quot;:[]},&quot;gap_tablet&quot;:{&quot;unit&quot;:&quot;px&quot;,&quot;size&quot;:10,&quot;sizes&quot;:[]},&quot;gap_mobile&quot;:{&quot;unit&quot;:&quot;px&quot;,&quot;size&quot;:10,&quot;sizes&quot;:[]},&quot;link_to&quot;:&quot;file&quot;,&quot;aspect_ratio&quot;:&quot;3:2&quot;,&quot;overlay_background&quot;:&quot;yes&quot;,&quot;content_hover_animation&quot;:&quot;fade-in&quot;}\" data-widget_type=\"gallery.default\">\n\t\t\t\t<div class=\"elementor-widget-container\">\n\t\t\t\t\t\t\t<div class=\"elementor-gallery__container\">\n\t\t\t\t\t\t\t<a class=\"e-gallery-item elementor-gallery-item elementor-animated-content\" href=\"https:\/\/lueg-drehtechnik.de\/wp-content\/uploads\/2024\/03\/lueghist4.jpg\" data-elementor-open-lightbox=\"yes\" data-elementor-lightbox-slideshow=\"82a38ca\" data-elementor-lightbox-title=\"lueghist4\" data-e-action-hash=\"#elementor-action%3Aaction%3Dlightbox%26settings%3DeyJpZCI6MjgwLCJ1cmwiOiJodHRwczpcL1wvbHVlZy1kcmVodGVjaG5pay5kZVwvd3AtY29udGVudFwvdXBsb2Fkc1wvMjAyNFwvMDNcL2x1ZWdoaXN0NC5qcGciLCJzbGlkZXNob3ciOiI4MmEzOGNhIn0%3D\">\n\t\t\t\t\t<div class=\"e-gallery-image elementor-gallery-item__image\" data-thumbnail=\"https:\/\/lueg-drehtechnik.de\/wp-content\/uploads\/2024\/03\/lueghist4-300x205.jpg\" data-width=\"300\" data-height=\"205\" aria-label=\"\" role=\"img\" ><\/div>\n\t\t\t\t\t\t\t\t\t\t\t<div class=\"elementor-gallery-item__overlay\"><\/div>\n\t\t\t\t\t\t\t\t\t\t\t\t\t\t<\/a>\n\t\t\t\t\t\t\t<a class=\"e-gallery-item elementor-gallery-item elementor-animated-content\" href=\"https:\/\/lueg-drehtechnik.de\/wp-content\/uploads\/2024\/03\/lueghist6.jpg\" data-elementor-open-lightbox=\"yes\" data-elementor-lightbox-slideshow=\"82a38ca\" data-elementor-lightbox-title=\"lueghist6\" data-e-action-hash=\"#elementor-action%3Aaction%3Dlightbox%26settings%3DeyJpZCI6MjgyLCJ1cmwiOiJodHRwczpcL1wvbHVlZy1kcmVodGVjaG5pay5kZVwvd3AtY29udGVudFwvdXBsb2Fkc1wvMjAyNFwvMDNcL2x1ZWdoaXN0Ni5qcGciLCJzbGlkZXNob3ciOiI4MmEzOGNhIn0%3D\">\n\t\t\t\t\t<div class=\"e-gallery-image elementor-gallery-item__image\" data-thumbnail=\"https:\/\/lueg-drehtechnik.de\/wp-content\/uploads\/2024\/03\/lueghist6-300x204.jpg\" data-width=\"300\" data-height=\"204\" aria-label=\"\" role=\"img\" ><\/div>\n\t\t\t\t\t\t\t\t\t\t\t<div class=\"elementor-gallery-item__overlay\"><\/div>\n\t\t\t\t\t\t\t\t\t\t\t\t\t\t<\/a>\n\t\t\t\t\t<\/div>\n\t\t\t\t\t<\/div>\n\t\t\t\t<\/div>\n\t\t\t\t\t<\/div>\n\t\t\t\t<\/div>\n\t\t\t\t\t<\/div>\n\t\t\t\t<\/div>\n\t\t\t\t<\/div>\n\t\t","protected":false},"excerpt":{"rendered":"<p>Historie Metallverarbeitung und das Sauerland, eine Verbindung und Tradition, die Jahrhunderte \u00fcberdauert hat. Auch das Unternehmen Lueg blickt inzwischen auf eine \u00fcber 50 j\u00e4hrige Unternehmensgeschichte zur\u00fcck, dessen Meilensteine aus der folgenden \u00dcbersicht zu entnehmen sind: Unternehmensgeschichte 1960: 1. August: Gr\u00fcndung durch Karl-Heinz Lueg in Hemer-Urbecke1968: Einstieg in die Mehrspindlertechnologie1982: Kauf einer Fabrikanlage in Hemer, Ostenschlahstra\u00dfe1993: [&hellip;]<\/p>\n","protected":false},"author":1,"featured_media":0,"parent":0,"menu_order":0,"comment_status":"closed","ping_status":"closed","template":"","meta":{"footnotes":""},"class_list":["post-19","page","type-page","status-publish","hentry"],"aioseo_notices":[],"_links":{"self":[{"href":"https:\/\/lueg-drehtechnik.de\/index.php\/wp-json\/wp\/v2\/pages\/19","targetHints":{"allow":["GET"]}}],"collection":[{"href":"https:\/\/lueg-drehtechnik.de\/index.php\/wp-json\/wp\/v2\/pages"}],"about":[{"href":"https:\/\/lueg-drehtechnik.de\/index.php\/wp-json\/wp\/v2\/types\/page"}],"author":[{"embeddable":true,"href":"https:\/\/lueg-drehtechnik.de\/index.php\/wp-json\/wp\/v2\/users\/1"}],"replies":[{"embeddable":true,"href":"https:\/\/lueg-drehtechnik.de\/index.php\/wp-json\/wp\/v2\/comments?post=19"}],"version-history":[{"count":0,"href":"https:\/\/lueg-drehtechnik.de\/index.php\/wp-json\/wp\/v2\/pages\/19\/revisions"}],"wp:attachment":[{"href":"https:\/\/lueg-drehtechnik.de\/index.php\/wp-json\/wp\/v2\/media?parent=19"}],"curies":[{"name":"wp","href":"https:\/\/api.w.org\/{rel}","templated":true}]}}