{"id":29,"date":"2024-02-11T16:14:57","date_gmt":"2024-02-11T16:14:57","guid":{"rendered":"https:\/\/lueg-drehtechnik.de\/?page_id=29"},"modified":"2024-03-20T19:30:43","modified_gmt":"2024-03-20T19:30:43","slug":"oberflaechenveredelung","status":"publish","type":"page","link":"https:\/\/lueg-drehtechnik.de\/index.php\/oberflaechenveredelung\/","title":{"rendered":"Oberfl\u00e4chenveredelung"},"content":{"rendered":"\t\t<div data-elementor-type=\"wp-page\" data-elementor-id=\"29\" class=\"elementor elementor-29\" data-elementor-post-type=\"page\">\n\t\t\t\t<div class=\"elementor-element elementor-element-aa8a39f e-flex e-con-boxed e-con e-parent\" data-id=\"aa8a39f\" data-element_type=\"container\" data-e-type=\"container\" data-settings=\"{&quot;jet_parallax_layout_list&quot;:[]}\">\n\t\t\t\t\t<div class=\"e-con-inner\">\n\t\t\t\t<div class=\"elementor-element elementor-element-5a64233 elementor-invisible elementor-widget elementor-widget-heading\" data-id=\"5a64233\" data-element_type=\"widget\" data-e-type=\"widget\" data-settings=\"{&quot;_animation&quot;:&quot;fadeInLeft&quot;}\" data-widget_type=\"heading.default\">\n\t\t\t\t<div class=\"elementor-widget-container\">\n\t\t\t\t\t<h2 class=\"elementor-heading-title elementor-size-default\">Oberfl\u00e4chenveredelung<\/h2>\t\t\t\t<\/div>\n\t\t\t\t<\/div>\n\t\t\t\t<div class=\"elementor-element elementor-element-f698f21 elementor-widget-divider--view-line elementor-invisible elementor-widget elementor-widget-divider\" data-id=\"f698f21\" data-element_type=\"widget\" data-e-type=\"widget\" data-settings=\"{&quot;_animation&quot;:&quot;fadeInLeft&quot;,&quot;_animation_delay&quot;:80}\" data-widget_type=\"divider.default\">\n\t\t\t\t<div class=\"elementor-widget-container\">\n\t\t\t\t\t\t\t<div class=\"elementor-divider\">\n\t\t\t<span class=\"elementor-divider-separator\">\n\t\t\t\t\t\t<\/span>\n\t\t<\/div>\n\t\t\t\t\t\t<\/div>\n\t\t\t\t<\/div>\n\t\t\t\t<div class=\"elementor-element elementor-element-892916f elementor-invisible elementor-widget elementor-widget-text-editor\" data-id=\"892916f\" data-element_type=\"widget\" data-e-type=\"widget\" data-settings=\"{&quot;_animation&quot;:&quot;fadeInRight&quot;}\" data-widget_type=\"text-editor.default\">\n\t\t\t\t<div class=\"elementor-widget-container\">\n\t\t\t\t\t\t\t\t\t<p>Neben der Fertigung von Dreh- und Fr\u00e4steilen bieten wir Ihnen eine Vielzahl von Nacharbeitungen und Oberfl\u00e4chenbehandlungen an, die sowohl intern als auch durch zuverl\u00e4ssige externe Partner ausgef\u00fchrt werden.<\/p>\t\t\t\t\t\t\t\t<\/div>\n\t\t\t\t<\/div>\n\t\t\t\t\t<\/div>\n\t\t\t\t<\/div>\n\t\t<div class=\"elementor-element elementor-element-34c9f76 e-flex e-con-boxed e-con e-parent\" data-id=\"34c9f76\" data-element_type=\"container\" data-e-type=\"container\" data-settings=\"{&quot;jet_parallax_layout_list&quot;:[]}\">\n\t\t\t\t\t<div class=\"e-con-inner\">\n\t\t<div class=\"elementor-element elementor-element-0f84c9b e-flex e-con-boxed elementor-invisible e-con e-child\" data-id=\"0f84c9b\" data-element_type=\"container\" data-e-type=\"container\" data-settings=\"{&quot;jet_parallax_layout_list&quot;:[],&quot;animation&quot;:&quot;fadeInLeft&quot;}\">\n\t\t\t\t\t<div class=\"e-con-inner\">\n\t\t\t\t<div class=\"elementor-element elementor-element-86f5a82 elementor-widget elementor-widget-heading\" data-id=\"86f5a82\" data-element_type=\"widget\" data-e-type=\"widget\" data-widget_type=\"heading.default\">\n\t\t\t\t<div class=\"elementor-widget-container\">\n\t\t\t\t\t<h2 class=\"elementor-heading-title elementor-size-default\">Leistungs\u00fcbersicht:<\/h2>\t\t\t\t<\/div>\n\t\t\t\t<\/div>\n\t\t\t\t<div class=\"elementor-element elementor-element-e533026 elementor-widget elementor-widget-text-editor\" data-id=\"e533026\" data-element_type=\"widget\" data-e-type=\"widget\" data-widget_type=\"text-editor.default\">\n\t\t\t\t<div class=\"elementor-widget-container\">\n\t\t\t\t\t\t\t\t\t<ul><li class=\"first-child\">Entfetten<\/li><li>Trovalisieren<\/li><li>Schleifen und Polieren<\/li><li>Verchromen<\/li><li>Vernickeln<\/li><li>Verzinken<\/li><li>Laserbeschriftung<\/li><li>Maschinelle Beschriftung<\/li><li>Baugruppenmontage<\/li><li class=\"last-child\">Kundenspezifisches Verpacken<\/li><\/ul>\t\t\t\t\t\t\t\t<\/div>\n\t\t\t\t<\/div>\n\t\t\t\t\t<\/div>\n\t\t\t\t<\/div>\n\t\t<div class=\"elementor-element elementor-element-c8a90ac e-flex e-con-boxed elementor-invisible e-con e-child\" data-id=\"c8a90ac\" data-element_type=\"container\" data-e-type=\"container\" data-settings=\"{&quot;jet_parallax_layout_list&quot;:[],&quot;animation&quot;:&quot;fadeInRight&quot;}\">\n\t\t\t\t\t<div class=\"e-con-inner\">\n\t\t\t\t<div class=\"elementor-element elementor-element-2b90170 elementor-widget elementor-widget-image\" data-id=\"2b90170\" data-element_type=\"widget\" data-e-type=\"widget\" data-widget_type=\"image.default\">\n\t\t\t\t<div class=\"elementor-widget-container\">\n\t\t\t\t\t\t\t\t\t\t\t\t\t\t\t\t<a href=\"https:\/\/lueg-drehtechnik.de\/wp-content\/uploads\/2024\/03\/D81_4735web.jpg\" data-elementor-open-lightbox=\"yes\" data-elementor-lightbox-title=\"D81_4735web\" data-e-action-hash=\"#elementor-action%3Aaction%3Dlightbox%26settings%3DeyJpZCI6MzI2LCJ1cmwiOiJodHRwczpcL1wvbHVlZy1kcmVodGVjaG5pay5kZVwvd3AtY29udGVudFwvdXBsb2Fkc1wvMjAyNFwvMDNcL0Q4MV80NzM1d2ViLmpwZyJ9\">\n\t\t\t\t\t\t\t<img fetchpriority=\"high\" decoding=\"async\" width=\"800\" height=\"534\" src=\"https:\/\/lueg-drehtechnik.de\/wp-content\/uploads\/2024\/03\/D81_4735web.jpg\" class=\"attachment-large size-large wp-image-326\" alt=\"\" srcset=\"https:\/\/lueg-drehtechnik.de\/wp-content\/uploads\/2024\/03\/D81_4735web.jpg 1000w, https:\/\/lueg-drehtechnik.de\/wp-content\/uploads\/2024\/03\/D81_4735web-300x200.jpg 300w, https:\/\/lueg-drehtechnik.de\/wp-content\/uploads\/2024\/03\/D81_4735web-768x512.jpg 768w\" sizes=\"(max-width: 800px) 100vw, 800px\" \/>\t\t\t\t\t\t\t\t<\/a>\n\t\t\t\t\t\t\t\t\t\t\t\t\t\t\t<\/div>\n\t\t\t\t<\/div>\n\t\t\t\t\t<\/div>\n\t\t\t\t<\/div>\n\t\t\t\t\t<\/div>\n\t\t\t\t<\/div>\n\t\t<div class=\"elementor-element elementor-element-c82557c e-flex e-con-boxed e-con e-parent\" data-id=\"c82557c\" data-element_type=\"container\" data-e-type=\"container\" data-settings=\"{&quot;jet_parallax_layout_list&quot;:[]}\">\n\t\t\t\t\t<div class=\"e-con-inner\">\n\t\t\t\t<div class=\"elementor-element elementor-element-03ab155 elementor-invisible elementor-widget elementor-widget-text-editor\" data-id=\"03ab155\" data-element_type=\"widget\" data-e-type=\"widget\" data-settings=\"{&quot;_animation&quot;:&quot;fadeInUp&quot;}\" data-widget_type=\"text-editor.default\">\n\t\t\t\t<div class=\"elementor-widget-container\">\n\t\t\t\t\t\t\t\t\t<p>Mit unserem umfassenden Serviceangebot bieten wir Ihnen ein Rundum-Sorglos-Paket und nehmen Ihnen damit so viel eigenen Aufwand wie m\u00f6glich ab.<\/p>\t\t\t\t\t\t\t\t<\/div>\n\t\t\t\t<\/div>\n\t\t\t\t\t<\/div>\n\t\t\t\t<\/div>\n\t\t\t\t<\/div>\n\t\t","protected":false},"excerpt":{"rendered":"<p>Oberfl\u00e4chenveredelung Neben der Fertigung von Dreh- und Fr\u00e4steilen bieten wir Ihnen eine Vielzahl von Nacharbeitungen und Oberfl\u00e4chenbehandlungen an, die sowohl intern als auch durch zuverl\u00e4ssige externe Partner ausgef\u00fchrt werden. Leistungs\u00fcbersicht: Entfetten Trovalisieren Schleifen und Polieren Verchromen Vernickeln Verzinken Laserbeschriftung Maschinelle Beschriftung Baugruppenmontage Kundenspezifisches Verpacken Mit unserem umfassenden Serviceangebot bieten wir Ihnen ein Rundum-Sorglos-Paket und nehmen [&hellip;]<\/p>\n","protected":false},"author":1,"featured_media":0,"parent":0,"menu_order":0,"comment_status":"closed","ping_status":"closed","template":"","meta":{"footnotes":""},"class_list":["post-29","page","type-page","status-publish","hentry"],"aioseo_notices":[],"_links":{"self":[{"href":"https:\/\/lueg-drehtechnik.de\/index.php\/wp-json\/wp\/v2\/pages\/29","targetHints":{"allow":["GET"]}}],"collection":[{"href":"https:\/\/lueg-drehtechnik.de\/index.php\/wp-json\/wp\/v2\/pages"}],"about":[{"href":"https:\/\/lueg-drehtechnik.de\/index.php\/wp-json\/wp\/v2\/types\/page"}],"author":[{"embeddable":true,"href":"https:\/\/lueg-drehtechnik.de\/index.php\/wp-json\/wp\/v2\/users\/1"}],"replies":[{"embeddable":true,"href":"https:\/\/lueg-drehtechnik.de\/index.php\/wp-json\/wp\/v2\/comments?post=29"}],"version-history":[{"count":0,"href":"https:\/\/lueg-drehtechnik.de\/index.php\/wp-json\/wp\/v2\/pages\/29\/revisions"}],"wp:attachment":[{"href":"https:\/\/lueg-drehtechnik.de\/index.php\/wp-json\/wp\/v2\/media?parent=29"}],"curies":[{"name":"wp","href":"https:\/\/api.w.org\/{rel}","templated":true}]}}