{"id":33,"date":"2024-02-11T16:15:47","date_gmt":"2024-02-11T16:15:47","guid":{"rendered":"https:\/\/lueg-drehtechnik.de\/?page_id=33"},"modified":"2025-02-20T08:35:55","modified_gmt":"2025-02-20T08:35:55","slug":"qualitaetsmanagement","status":"publish","type":"page","link":"https:\/\/lueg-drehtechnik.de\/index.php\/qualitaetsmanagement\/","title":{"rendered":"Qualit\u00e4tsmanagement"},"content":{"rendered":"\t\t<div data-elementor-type=\"wp-page\" data-elementor-id=\"33\" class=\"elementor elementor-33\" data-elementor-post-type=\"page\">\n\t\t\t\t<div class=\"elementor-element elementor-element-f0f22fd e-flex e-con-boxed e-con e-parent\" data-id=\"f0f22fd\" data-element_type=\"container\" data-e-type=\"container\" data-settings=\"{&quot;jet_parallax_layout_list&quot;:[]}\">\n\t\t\t\t\t<div class=\"e-con-inner\">\n\t\t\t\t<div class=\"elementor-element elementor-element-8be0c22 elementor-widget elementor-widget-heading\" data-id=\"8be0c22\" data-element_type=\"widget\" data-e-type=\"widget\" data-widget_type=\"heading.default\">\n\t\t\t\t<div class=\"elementor-widget-container\">\n\t\t\t\t\t<h2 class=\"elementor-heading-title elementor-size-default\">Qualit\u00e4tsmanagement<\/h2>\t\t\t\t<\/div>\n\t\t\t\t<\/div>\n\t\t\t\t<div class=\"elementor-element elementor-element-aa27b9c elementor-widget-divider--view-line elementor-invisible elementor-widget elementor-widget-divider\" data-id=\"aa27b9c\" data-element_type=\"widget\" data-e-type=\"widget\" data-settings=\"{&quot;_animation&quot;:&quot;fadeInLeft&quot;,&quot;_animation_delay&quot;:80}\" data-widget_type=\"divider.default\">\n\t\t\t\t<div class=\"elementor-widget-container\">\n\t\t\t\t\t\t\t<div class=\"elementor-divider\">\n\t\t\t<span class=\"elementor-divider-separator\">\n\t\t\t\t\t\t<\/span>\n\t\t<\/div>\n\t\t\t\t\t\t<\/div>\n\t\t\t\t<\/div>\n\t\t\t\t<div class=\"elementor-element elementor-element-fba5631 elementor-invisible elementor-widget elementor-widget-heading\" data-id=\"fba5631\" data-element_type=\"widget\" data-e-type=\"widget\" data-settings=\"{&quot;_animation&quot;:&quot;fadeInLeft&quot;}\" data-widget_type=\"heading.default\">\n\t\t\t\t<div class=\"elementor-widget-container\">\n\t\t\t\t\t<h2 class=\"elementor-heading-title elementor-size-default\">Qualit\u00e4t ist kein Zufall!\nSie ist immer das Ergebnis exakter Planung und fachgerechter Arbeit.<\/h2>\t\t\t\t<\/div>\n\t\t\t\t<\/div>\n\t\t\t\t\t<\/div>\n\t\t\t\t<\/div>\n\t\t<div class=\"elementor-element elementor-element-5cdf9db e-flex e-con-boxed e-con e-parent\" data-id=\"5cdf9db\" data-element_type=\"container\" data-e-type=\"container\" data-settings=\"{&quot;jet_parallax_layout_list&quot;:[]}\">\n\t\t\t\t\t<div class=\"e-con-inner\">\n\t\t<div class=\"elementor-element elementor-element-2b727ee e-flex e-con-boxed e-con e-child\" data-id=\"2b727ee\" data-element_type=\"container\" data-e-type=\"container\" data-settings=\"{&quot;jet_parallax_layout_list&quot;:[]}\">\n\t\t\t\t\t<div class=\"e-con-inner\">\n\t\t\t\t<div class=\"elementor-element elementor-element-0a97cae elementor-widget elementor-widget-text-editor\" data-id=\"0a97cae\" data-element_type=\"widget\" data-e-type=\"widget\" data-widget_type=\"text-editor.default\">\n\t\t\t\t<div class=\"elementor-widget-container\">\n\t\t\t\t\t\t\t\t\t<p>Als Hersteller von Pr\u00e4zisionsteilen f\u00fcr die Sanit\u00e4r- und Automotive-Branche, die Medizin-, Elektro-, die Gas- und Schwei\u00dftechnik und f\u00fcr viele andere Bereiche nimmt f\u00fcr uns Qualit\u00e4tsmanagement einen hohen Stellenwert ein.<\/p><p>Unser oberstes Ziel ist es, unsere Kunden mit einer kompromisslosen Qualit\u00e4t zufrieden zu stellen.<\/p><p>Unser Zertifikat nach DIN EN ISO 9001:2015 h\u00e4ngt daher nicht nur dekorativ an der Wand \u2013 es zeigt uns die Anforderung, immer neue Wege der Qualit\u00e4tssicherung zu suchen und umzusetzen.<\/p>\t\t\t\t\t\t\t\t<\/div>\n\t\t\t\t<\/div>\n\t\t\t\t\t<\/div>\n\t\t\t\t<\/div>\n\t\t<div class=\"elementor-element elementor-element-01ae88d e-flex e-con-boxed elementor-invisible e-con e-child\" data-id=\"01ae88d\" data-element_type=\"container\" data-e-type=\"container\" data-settings=\"{&quot;jet_parallax_layout_list&quot;:[],&quot;animation&quot;:&quot;fadeInRight&quot;}\">\n\t\t\t\t\t<div class=\"e-con-inner\">\n\t\t\t\t<div class=\"elementor-element elementor-element-1275c8c elementor-widget elementor-widget-image\" data-id=\"1275c8c\" data-element_type=\"widget\" data-e-type=\"widget\" data-widget_type=\"image.default\">\n\t\t\t\t<div class=\"elementor-widget-container\">\n\t\t\t\t\t\t\t\t\t\t\t\t\t\t\t\t<a href=\"https:\/\/lueg-drehtechnik.de\/wp-content\/uploads\/2025\/02\/2025_Zertifikat.webp\" data-elementor-open-lightbox=\"yes\" data-elementor-lightbox-title=\"2025_Zertifikat\" data-e-action-hash=\"#elementor-action%3Aaction%3Dlightbox%26settings%3DeyJpZCI6NTgxLCJ1cmwiOiJodHRwczpcL1wvbHVlZy1kcmVodGVjaG5pay5kZVwvd3AtY29udGVudFwvdXBsb2Fkc1wvMjAyNVwvMDJcLzIwMjVfWmVydGlmaWthdC53ZWJwIn0%3D\">\n\t\t\t\t\t\t\t<img fetchpriority=\"high\" decoding=\"async\" width=\"722\" height=\"1024\" src=\"https:\/\/lueg-drehtechnik.de\/wp-content\/uploads\/2025\/02\/2025_Zertifikat-722x1024.webp\" class=\"attachment-large size-large wp-image-581\" alt=\"\" srcset=\"https:\/\/lueg-drehtechnik.de\/wp-content\/uploads\/2025\/02\/2025_Zertifikat-722x1024.webp 722w, https:\/\/lueg-drehtechnik.de\/wp-content\/uploads\/2025\/02\/2025_Zertifikat-212x300.webp 212w, https:\/\/lueg-drehtechnik.de\/wp-content\/uploads\/2025\/02\/2025_Zertifikat-768x1089.webp 768w, https:\/\/lueg-drehtechnik.de\/wp-content\/uploads\/2025\/02\/2025_Zertifikat.webp 1058w\" sizes=\"(max-width: 722px) 100vw, 722px\" \/>\t\t\t\t\t\t\t\t<\/a>\n\t\t\t\t\t\t\t\t\t\t\t\t\t\t\t<\/div>\n\t\t\t\t<\/div>\n\t\t\t\t\t<\/div>\n\t\t\t\t<\/div>\n\t\t\t\t\t<\/div>\n\t\t\t\t<\/div>\n\t\t\t\t<\/div>\n\t\t","protected":false},"excerpt":{"rendered":"<p>Qualit\u00e4tsmanagement Qualit\u00e4t ist kein Zufall! Sie ist immer das Ergebnis exakter Planung und fachgerechter Arbeit. Als Hersteller von Pr\u00e4zisionsteilen f\u00fcr die Sanit\u00e4r- und Automotive-Branche, die Medizin-, Elektro-, die Gas- und Schwei\u00dftechnik und f\u00fcr viele andere Bereiche nimmt f\u00fcr uns Qualit\u00e4tsmanagement einen hohen Stellenwert ein. Unser oberstes Ziel ist es, unsere Kunden mit einer kompromisslosen Qualit\u00e4t [&hellip;]<\/p>\n","protected":false},"author":1,"featured_media":0,"parent":0,"menu_order":0,"comment_status":"closed","ping_status":"closed","template":"","meta":{"footnotes":""},"class_list":["post-33","page","type-page","status-publish","hentry"],"aioseo_notices":[],"_links":{"self":[{"href":"https:\/\/lueg-drehtechnik.de\/index.php\/wp-json\/wp\/v2\/pages\/33","targetHints":{"allow":["GET"]}}],"collection":[{"href":"https:\/\/lueg-drehtechnik.de\/index.php\/wp-json\/wp\/v2\/pages"}],"about":[{"href":"https:\/\/lueg-drehtechnik.de\/index.php\/wp-json\/wp\/v2\/types\/page"}],"author":[{"embeddable":true,"href":"https:\/\/lueg-drehtechnik.de\/index.php\/wp-json\/wp\/v2\/users\/1"}],"replies":[{"embeddable":true,"href":"https:\/\/lueg-drehtechnik.de\/index.php\/wp-json\/wp\/v2\/comments?post=33"}],"version-history":[{"count":3,"href":"https:\/\/lueg-drehtechnik.de\/index.php\/wp-json\/wp\/v2\/pages\/33\/revisions"}],"predecessor-version":[{"id":584,"href":"https:\/\/lueg-drehtechnik.de\/index.php\/wp-json\/wp\/v2\/pages\/33\/revisions\/584"}],"wp:attachment":[{"href":"https:\/\/lueg-drehtechnik.de\/index.php\/wp-json\/wp\/v2\/media?parent=33"}],"curies":[{"name":"wp","href":"https:\/\/api.w.org\/{rel}","templated":true}]}}