{"id":35,"date":"2024-02-11T16:16:12","date_gmt":"2024-02-11T16:16:12","guid":{"rendered":"https:\/\/lueg-drehtechnik.de\/?page_id=35"},"modified":"2024-03-28T14:57:34","modified_gmt":"2024-03-28T14:57:34","slug":"fertigungsleitstand","status":"publish","type":"page","link":"https:\/\/lueg-drehtechnik.de\/index.php\/fertigungsleitstand\/","title":{"rendered":"Fertigungsleitstand"},"content":{"rendered":"\t\t<div data-elementor-type=\"wp-page\" data-elementor-id=\"35\" class=\"elementor elementor-35\" data-elementor-post-type=\"page\">\n\t\t\t\t<div class=\"elementor-element elementor-element-4ae528d e-flex e-con-boxed e-con e-parent\" data-id=\"4ae528d\" data-element_type=\"container\" data-e-type=\"container\" data-settings=\"{&quot;jet_parallax_layout_list&quot;:[]}\">\n\t\t\t\t\t<div class=\"e-con-inner\">\n\t\t\t\t<div class=\"elementor-element elementor-element-886570e elementor-invisible elementor-widget elementor-widget-heading\" data-id=\"886570e\" data-element_type=\"widget\" data-e-type=\"widget\" data-settings=\"{&quot;_animation&quot;:&quot;fadeInLeft&quot;}\" data-widget_type=\"heading.default\">\n\t\t\t\t<div class=\"elementor-widget-container\">\n\t\t\t\t\t<h2 class=\"elementor-heading-title elementor-size-default\">Fertigungsleitstand<\/h2>\t\t\t\t<\/div>\n\t\t\t\t<\/div>\n\t\t\t\t<div class=\"elementor-element elementor-element-d51d5d8 elementor-widget-divider--view-line elementor-invisible elementor-widget elementor-widget-divider\" data-id=\"d51d5d8\" data-element_type=\"widget\" data-e-type=\"widget\" data-settings=\"{&quot;_animation&quot;:&quot;fadeInLeft&quot;,&quot;_animation_delay&quot;:80}\" data-widget_type=\"divider.default\">\n\t\t\t\t<div class=\"elementor-widget-container\">\n\t\t\t\t\t\t\t<div class=\"elementor-divider\">\n\t\t\t<span class=\"elementor-divider-separator\">\n\t\t\t\t\t\t<\/span>\n\t\t<\/div>\n\t\t\t\t\t\t<\/div>\n\t\t\t\t<\/div>\n\t\t\t\t<div class=\"elementor-element elementor-element-c728f60 elementor-invisible elementor-widget elementor-widget-text-editor\" data-id=\"c728f60\" data-element_type=\"widget\" data-e-type=\"widget\" data-settings=\"{&quot;_animation&quot;:&quot;fadeInRight&quot;}\" data-widget_type=\"text-editor.default\">\n\t\t\t\t<div class=\"elementor-widget-container\">\n\t\t\t\t\t\t\t\t\t<p>Zur Steuerung unserer Produktion sowie der gesamten betrieblichen Organisation, dient unser EDV-gest\u00fctzter Fertigungsleitstand.<\/p><p>Mit der Einbindung modernster Messtechnik wird jeder Fertigungsschritt nach festgelegtem Pr\u00fcfplan kontrolliert und durch rechnergesteuerte Qualit\u00e4tskontrollen mittels SPC-Messpl\u00e4tzen erfasst und dokumentiert.<\/p><p>Durch dieses System haben wir einen \u201egl\u00e4sernen Betrieb\u201c geschaffen, der es uns erm\u00f6glicht, von der Bestellung bis zur Auslieferung s\u00e4mtliche betriebliche Abl\u00e4ufe zentral zu \u00fcberwachen und zu steuern.<\/p>\t\t\t\t\t\t\t\t<\/div>\n\t\t\t\t<\/div>\n\t\t\t\t\t<\/div>\n\t\t\t\t<\/div>\n\t\t\t\t<\/div>\n\t\t","protected":false},"excerpt":{"rendered":"<p>Fertigungsleitstand Zur Steuerung unserer Produktion sowie der gesamten betrieblichen Organisation, dient unser EDV-gest\u00fctzter Fertigungsleitstand. Mit der Einbindung modernster Messtechnik wird jeder Fertigungsschritt nach festgelegtem Pr\u00fcfplan kontrolliert und durch rechnergesteuerte Qualit\u00e4tskontrollen mittels SPC-Messpl\u00e4tzen erfasst und dokumentiert. Durch dieses System haben wir einen \u201egl\u00e4sernen Betrieb\u201c geschaffen, der es uns erm\u00f6glicht, von der Bestellung bis zur Auslieferung s\u00e4mtliche [&hellip;]<\/p>\n","protected":false},"author":1,"featured_media":0,"parent":0,"menu_order":0,"comment_status":"closed","ping_status":"closed","template":"","meta":{"footnotes":""},"class_list":["post-35","page","type-page","status-publish","hentry"],"aioseo_notices":[],"_links":{"self":[{"href":"https:\/\/lueg-drehtechnik.de\/index.php\/wp-json\/wp\/v2\/pages\/35","targetHints":{"allow":["GET"]}}],"collection":[{"href":"https:\/\/lueg-drehtechnik.de\/index.php\/wp-json\/wp\/v2\/pages"}],"about":[{"href":"https:\/\/lueg-drehtechnik.de\/index.php\/wp-json\/wp\/v2\/types\/page"}],"author":[{"embeddable":true,"href":"https:\/\/lueg-drehtechnik.de\/index.php\/wp-json\/wp\/v2\/users\/1"}],"replies":[{"embeddable":true,"href":"https:\/\/lueg-drehtechnik.de\/index.php\/wp-json\/wp\/v2\/comments?post=35"}],"version-history":[{"count":0,"href":"https:\/\/lueg-drehtechnik.de\/index.php\/wp-json\/wp\/v2\/pages\/35\/revisions"}],"wp:attachment":[{"href":"https:\/\/lueg-drehtechnik.de\/index.php\/wp-json\/wp\/v2\/media?parent=35"}],"curies":[{"name":"wp","href":"https:\/\/api.w.org\/{rel}","templated":true}]}}