{"id":37,"date":"2024-02-11T16:16:35","date_gmt":"2024-02-11T16:16:35","guid":{"rendered":"https:\/\/lueg-drehtechnik.de\/?page_id=37"},"modified":"2024-03-28T14:55:36","modified_gmt":"2024-03-28T14:55:36","slug":"dokumentation","status":"publish","type":"page","link":"https:\/\/lueg-drehtechnik.de\/index.php\/dokumentation\/","title":{"rendered":"Dokumentation"},"content":{"rendered":"\t\t<div data-elementor-type=\"wp-page\" data-elementor-id=\"37\" class=\"elementor elementor-37\" data-elementor-post-type=\"page\">\n\t\t\t\t<div class=\"elementor-element elementor-element-ec074d6 e-flex e-con-boxed e-con e-parent\" data-id=\"ec074d6\" data-element_type=\"container\" data-e-type=\"container\" data-settings=\"{&quot;jet_parallax_layout_list&quot;:[]}\">\n\t\t\t\t\t<div class=\"e-con-inner\">\n\t\t\t\t<div class=\"elementor-element elementor-element-c39e5b7 elementor-widget elementor-widget-heading\" data-id=\"c39e5b7\" data-element_type=\"widget\" data-e-type=\"widget\" data-widget_type=\"heading.default\">\n\t\t\t\t<div class=\"elementor-widget-container\">\n\t\t\t\t\t<h2 class=\"elementor-heading-title elementor-size-default\">Dokumentation<\/h2>\t\t\t\t<\/div>\n\t\t\t\t<\/div>\n\t\t\t\t<div class=\"elementor-element elementor-element-05dc838 elementor-widget-divider--view-line elementor-invisible elementor-widget elementor-widget-divider\" data-id=\"05dc838\" data-element_type=\"widget\" data-e-type=\"widget\" data-settings=\"{&quot;_animation&quot;:&quot;fadeInLeft&quot;,&quot;_animation_delay&quot;:80}\" data-widget_type=\"divider.default\">\n\t\t\t\t<div class=\"elementor-widget-container\">\n\t\t\t\t\t\t\t<div class=\"elementor-divider\">\n\t\t\t<span class=\"elementor-divider-separator\">\n\t\t\t\t\t\t<\/span>\n\t\t<\/div>\n\t\t\t\t\t\t<\/div>\n\t\t\t\t<\/div>\n\t\t\t\t<div class=\"elementor-element elementor-element-d74dfa5 elementor-widget elementor-widget-text-editor\" data-id=\"d74dfa5\" data-element_type=\"widget\" data-e-type=\"widget\" data-widget_type=\"text-editor.default\">\n\t\t\t\t<div class=\"elementor-widget-container\">\n\t\t\t\t\t\t\t\t\t<p>Unsere Qualit\u00e4tssicherung verf\u00fcgt \u00fcber modernste Pr\u00fcf- und Messinstrumente, mit denen wir in der Lage sind, feinste Konturen und Toleranzen zu messen oder zu pr\u00fcfen. Mit diesen Instrumenten k\u00f6nnen wir dem Kunden folgende fertigungsbegleitende Unterlagen zur Verf\u00fcgung stellen:<\/p>\t\t\t\t\t\t\t\t<\/div>\n\t\t\t\t<\/div>\n\t\t\t\t<div class=\"elementor-element elementor-element-2ed5a27 elementor-widget elementor-widget-text-editor\" data-id=\"2ed5a27\" data-element_type=\"widget\" data-e-type=\"widget\" data-widget_type=\"text-editor.default\">\n\t\t\t\t<div class=\"elementor-widget-container\">\n\t\t\t\t\t\t\t\t\t<ul><li class=\"first-child\">Erstmusterpr\u00fcfbericht (EMPB)<\/li><li>Messprotokolle<\/li><li class=\"last-child\">Pr\u00fcfbescheinigungen nach EN 10204 (z.B. Werkszeugnis 2.2 oder Abnahmepr\u00fcfzeugnis 3.1)<\/li><\/ul>\t\t\t\t\t\t\t\t<\/div>\n\t\t\t\t<\/div>\n\t\t\t\t\t<\/div>\n\t\t\t\t<\/div>\n\t\t\t\t<\/div>\n\t\t","protected":false},"excerpt":{"rendered":"<p>Dokumentation Unsere Qualit\u00e4tssicherung verf\u00fcgt \u00fcber modernste Pr\u00fcf- und Messinstrumente, mit denen wir in der Lage sind, feinste Konturen und Toleranzen zu messen oder zu pr\u00fcfen. Mit diesen Instrumenten k\u00f6nnen wir dem Kunden folgende fertigungsbegleitende Unterlagen zur Verf\u00fcgung stellen: Erstmusterpr\u00fcfbericht (EMPB) Messprotokolle Pr\u00fcfbescheinigungen nach EN 10204 (z.B. Werkszeugnis 2.2 oder Abnahmepr\u00fcfzeugnis 3.1)<\/p>\n","protected":false},"author":1,"featured_media":0,"parent":0,"menu_order":0,"comment_status":"closed","ping_status":"closed","template":"","meta":{"footnotes":""},"class_list":["post-37","page","type-page","status-publish","hentry"],"aioseo_notices":[],"_links":{"self":[{"href":"https:\/\/lueg-drehtechnik.de\/index.php\/wp-json\/wp\/v2\/pages\/37","targetHints":{"allow":["GET"]}}],"collection":[{"href":"https:\/\/lueg-drehtechnik.de\/index.php\/wp-json\/wp\/v2\/pages"}],"about":[{"href":"https:\/\/lueg-drehtechnik.de\/index.php\/wp-json\/wp\/v2\/types\/page"}],"author":[{"embeddable":true,"href":"https:\/\/lueg-drehtechnik.de\/index.php\/wp-json\/wp\/v2\/users\/1"}],"replies":[{"embeddable":true,"href":"https:\/\/lueg-drehtechnik.de\/index.php\/wp-json\/wp\/v2\/comments?post=37"}],"version-history":[{"count":0,"href":"https:\/\/lueg-drehtechnik.de\/index.php\/wp-json\/wp\/v2\/pages\/37\/revisions"}],"wp:attachment":[{"href":"https:\/\/lueg-drehtechnik.de\/index.php\/wp-json\/wp\/v2\/media?parent=37"}],"curies":[{"name":"wp","href":"https:\/\/api.w.org\/{rel}","templated":true}]}}