{"id":9,"date":"2024-02-11T15:58:31","date_gmt":"2024-02-11T15:58:31","guid":{"rendered":"https:\/\/lueg-drehtechnik.de\/?page_id=9"},"modified":"2024-04-03T08:15:24","modified_gmt":"2024-04-03T08:15:24","slug":"home","status":"publish","type":"page","link":"https:\/\/lueg-drehtechnik.de\/","title":{"rendered":"HOME"},"content":{"rendered":"\t\t<div data-elementor-type=\"wp-page\" data-elementor-id=\"9\" class=\"elementor elementor-9\" data-elementor-post-type=\"page\">\n\t\t\t\t<div class=\"elementor-element elementor-element-8e5c0a4 e-flex e-con-boxed e-con e-parent\" data-id=\"8e5c0a4\" data-element_type=\"container\" data-e-type=\"container\" data-settings=\"{&quot;background_background&quot;:&quot;slideshow&quot;,&quot;background_slideshow_gallery&quot;:[{&quot;id&quot;:465,&quot;url&quot;:&quot;https:\\\/\\\/lueg-drehtechnik.de\\\/wp-content\\\/uploads\\\/2024\\\/03\\\/2024_SLIDER_HOM2.webp&quot;}],&quot;jet_parallax_layout_list&quot;:[],&quot;background_slideshow_loop&quot;:&quot;yes&quot;,&quot;background_slideshow_slide_duration&quot;:5000,&quot;background_slideshow_slide_transition&quot;:&quot;fade&quot;,&quot;background_slideshow_transition_duration&quot;:500}\">\n\t\t\t\t\t<div class=\"e-con-inner\">\n\t\t<div class=\"elementor-element elementor-element-576c65b e-con-full e-flex elementor-invisible e-con e-child\" data-id=\"576c65b\" data-element_type=\"container\" data-e-type=\"container\" data-settings=\"{&quot;background_background&quot;:&quot;classic&quot;,&quot;animation&quot;:&quot;fadeInLeft&quot;,&quot;jet_parallax_layout_list&quot;:[]}\">\n\t\t\t\t<div class=\"elementor-element elementor-element-fb460d0 elementor-invisible elementor-widget elementor-widget-heading\" data-id=\"fb460d0\" data-element_type=\"widget\" data-e-type=\"widget\" data-settings=\"{&quot;_animation&quot;:&quot;fadeInLeft&quot;}\" data-widget_type=\"heading.default\">\n\t\t\t\t<div class=\"elementor-widget-container\">\n\t\t\t\t\t<h2 class=\"elementor-heading-title elementor-size-default\">Herzlich Willkommen bei der<\/h2>\t\t\t\t<\/div>\n\t\t\t\t<\/div>\n\t\t\t\t<div class=\"elementor-element elementor-element-9574ed5 elementor-invisible elementor-widget elementor-widget-heading\" data-id=\"9574ed5\" data-element_type=\"widget\" data-e-type=\"widget\" data-settings=\"{&quot;_animation&quot;:&quot;fadeInLeft&quot;,&quot;_animation_delay&quot;:150}\" data-widget_type=\"heading.default\">\n\t\t\t\t<div class=\"elementor-widget-container\">\n\t\t\t\t\t<h2 class=\"elementor-heading-title elementor-size-default\">K.H. Lueg GmbH<\/h2>\t\t\t\t<\/div>\n\t\t\t\t<\/div>\n\t\t\t\t<\/div>\n\t\t<div class=\"elementor-element elementor-element-b1463cf elementor-hidden-mobile e-flex e-con-boxed e-con e-child\" data-id=\"b1463cf\" data-element_type=\"container\" data-e-type=\"container\" data-settings=\"{&quot;jet_parallax_layout_list&quot;:[]}\">\n\t\t\t\t\t<div class=\"e-con-inner\">\n\t\t\t\t\t<\/div>\n\t\t\t\t<\/div>\n\t\t\t\t\t<\/div>\n\t\t\t\t<\/div>\n\t\t<div class=\"elementor-element elementor-element-9d24d6c e-flex e-con-boxed e-con e-parent\" data-id=\"9d24d6c\" data-element_type=\"container\" data-e-type=\"container\" data-settings=\"{&quot;jet_parallax_layout_list&quot;:[]}\">\n\t\t\t\t\t<div class=\"e-con-inner\">\n\t\t\t\t<div class=\"elementor-element elementor-element-7bb9b4f elementor-widget elementor-widget-text-editor\" data-id=\"7bb9b4f\" data-element_type=\"widget\" data-e-type=\"widget\" data-widget_type=\"text-editor.default\">\n\t\t\t\t<div class=\"elementor-widget-container\">\n\t\t\t\t\t\t\t\t\t<p>Die <strong>K.H. Lueg GmbH<\/strong> ist ein mittelst\u00e4ndisches Unternehmen, das sich auf die Herstellung von Dreh- und Fr\u00e4steilen insbesondere aus Messing, aber auch aus anderen Werkstoffen spezialisiert hat. Unsere Kunden stammen aus den unterschiedlichsten Bereichen wie der Sanit\u00e4r- und Automotive-Branche, der Medizin-, Elektro- und der Gas- und Schwei\u00dftechnik.<\/p><p>In der heutigen Zeit werden die Verflechtungen der wirtschaftlichen Prozesse immer intensiver, die Anspr\u00fcche an Flexibilit\u00e4t und Modernisierungsbereitschaft steigen \u2013 Wir nehmen uns dieser Herausforderungen gerne an.<\/p><p>Wir wollen Sie \u201everstehen\u201c und gemeinsam eine langfristige und zufriedene Beziehung aufbauen. Deshalb ist uns die Kommunikation mit unseren Kunden wichtig: Sie bringen Ihre Vorstellungen und W\u00fcnsche ein \u2013 wir unterst\u00fctzen Sie mit unserem Wissen und unserer langj\u00e4hrigen Erfahrung.<\/p><p>Dadurch entstehen Partnerschaften, in denen wir als Zulieferer schon in Ihre Produktentwicklung mit einbezogen werden k\u00f6nnen. Mit dem beiderseitigem Know-how werden Win-win-L\u00f6sungen erarbeitet, die eine effiziente Auftragsabwicklung garantieren und weitere Entwicklungsperspektiven f\u00fcr beide Partner er\u00f6ffnen.<\/p>\t\t\t\t\t\t\t\t<\/div>\n\t\t\t\t<\/div>\n\t\t<div class=\"elementor-element elementor-element-53fbaec e-flex e-con-boxed e-con e-child\" data-id=\"53fbaec\" data-element_type=\"container\" data-e-type=\"container\" data-settings=\"{&quot;jet_parallax_layout_list&quot;:[]}\">\n\t\t\t\t\t<div class=\"e-con-inner\">\n\t\t\t\t<div class=\"elementor-element elementor-element-f2f4967 elementor-widget elementor-widget-image\" data-id=\"f2f4967\" data-element_type=\"widget\" data-e-type=\"widget\" data-widget_type=\"image.default\">\n\t\t\t\t<div class=\"elementor-widget-container\">\n\t\t\t\t\t\t\t\t\t\t\t\t\t\t\t<img fetchpriority=\"high\" decoding=\"async\" width=\"800\" height=\"607\" src=\"https:\/\/lueg-drehtechnik.de\/wp-content\/uploads\/2024\/02\/D81_5779web.jpg\" class=\"attachment-large size-large wp-image-157\" alt=\"\" srcset=\"https:\/\/lueg-drehtechnik.de\/wp-content\/uploads\/2024\/02\/D81_5779web.jpg 1000w, https:\/\/lueg-drehtechnik.de\/wp-content\/uploads\/2024\/02\/D81_5779web-300x228.jpg 300w, https:\/\/lueg-drehtechnik.de\/wp-content\/uploads\/2024\/02\/D81_5779web-768x583.jpg 768w\" sizes=\"(max-width: 800px) 100vw, 800px\" \/>\t\t\t\t\t\t\t\t\t\t\t\t\t\t\t<\/div>\n\t\t\t\t<\/div>\n\t\t\t\t\t<\/div>\n\t\t\t\t<\/div>\n\t\t\t\t\t<\/div>\n\t\t\t\t<\/div>\n\t\t\t\t<\/div>\n\t\t","protected":false},"excerpt":{"rendered":"<p>Die K.H. Lueg GmbH ist ein mittelst\u00e4ndisches Unternehmen, das sich auf die Herstellung von Dreh- und Fr\u00e4steilen insbesondere aus Messing, aber auch aus anderen Werkstoffen spezialisiert hat. <\/p>\n","protected":false},"author":1,"featured_media":465,"parent":0,"menu_order":0,"comment_status":"closed","ping_status":"closed","template":"","meta":{"footnotes":""},"class_list":["post-9","page","type-page","status-publish","has-post-thumbnail","hentry"],"aioseo_notices":[],"_links":{"self":[{"href":"https:\/\/lueg-drehtechnik.de\/index.php\/wp-json\/wp\/v2\/pages\/9","targetHints":{"allow":["GET"]}}],"collection":[{"href":"https:\/\/lueg-drehtechnik.de\/index.php\/wp-json\/wp\/v2\/pages"}],"about":[{"href":"https:\/\/lueg-drehtechnik.de\/index.php\/wp-json\/wp\/v2\/types\/page"}],"author":[{"embeddable":true,"href":"https:\/\/lueg-drehtechnik.de\/index.php\/wp-json\/wp\/v2\/users\/1"}],"replies":[{"embeddable":true,"href":"https:\/\/lueg-drehtechnik.de\/index.php\/wp-json\/wp\/v2\/comments?post=9"}],"version-history":[{"count":0,"href":"https:\/\/lueg-drehtechnik.de\/index.php\/wp-json\/wp\/v2\/pages\/9\/revisions"}],"wp:featuredmedia":[{"embeddable":true,"href":"https:\/\/lueg-drehtechnik.de\/index.php\/wp-json\/wp\/v2\/media\/465"}],"wp:attachment":[{"href":"https:\/\/lueg-drehtechnik.de\/index.php\/wp-json\/wp\/v2\/media?parent=9"}],"curies":[{"name":"wp","href":"https:\/\/api.w.org\/{rel}","templated":true}]}}